{"id":43,"date":"2013-12-16T21:43:02","date_gmt":"2013-12-16T20:43:02","guid":{"rendered":"http:\/\/rena-imhoff.de\/?page_id=43"},"modified":"2018-06-15T22:23:59","modified_gmt":"2018-06-15T21:23:59","slug":"lage","status":"publish","type":"page","link":"https:\/\/rena-imhoff.de\/?page_id=43","title":{"rendered":"Lage &#038; Anfahrt"},"content":{"rendered":"<h4 style=\"font-family: Arial,Helvetica,sans-serif;\">So finden Sie zu mir:<\/h4>\n<p style=\"font-family: Arial,Helvetica,sans-serif;\">Entweder mit der S-Bahn bis Haltestelle Grub der M\u00fcnchner S-Bahn Linie 2, weiter mit Bus 460 bis Haltestelle Speicherseestra\u00dfe.<br \/>\nNach Absprache kann auch eine Abholung an der S-Bahn vereinbart werden.<\/p>\n<p style=\"font-family: Arial,Helvetica,sans-serif;\">oder mit dem Auto \u00fcber die A99 bzw. A94 bis Ausfahrt Kirchheim, weiter Richtung Erding und Markt Schwaben. Im Ort Landsham an der 2. Kurve (B\u00e4ckerei) in die Speicherseestra\u00dfe.<\/p>\n<p><iframe loading=\"lazy\" src=\"https:\/\/maps.google.de\/maps?f=q&amp;source=s_q&amp;hl=de&amp;geocode=&amp;q=Speicherseestra%C3%9Fe+37,+85652,+Landsham,+Pliening&amp;aq=0&amp;oq=Speicherseestr.+37+85652+Landsham&amp;sll=48.176389,11.705418&amp;sspn=0.091576,0.222988&amp;ie=UTF8&amp;hq=&amp;hnear=Speicherseestra%C3%9Fe+37,+85652+Pliening&amp;t=m&amp;ll=48.205456,11.68808&amp;spn=0.219659,0.439453&amp;z=11&amp;iwloc=A&amp;output=embed\" width=\"640\" height=\"480\" frameborder=\"0\" marginwidth=\"0\" marginheight=\"0\" scrolling=\"no\"><\/iframe><br \/>\n<small><a style=\"color: #0000ff; text-align: left;\" href=\"https:\/\/maps.google.de\/maps?f=q&amp;source=embed&amp;hl=de&amp;geocode=&amp;q=Speicherseestra%C3%9Fe+37,+85652,+Landsham,+Pliening&amp;aq=0&amp;oq=Speicherseestr.+37+85652+Landsham&amp;sll=48.176389,11.705418&amp;sspn=0.091576,0.222988&amp;ie=UTF8&amp;hq=&amp;hnear=Speicherseestra%C3%9Fe+37,+85652+Pliening&amp;t=m&amp;ll=48.205456,11.68808&amp;spn=0.219659,0.439453&amp;z=11&amp;iwloc=A\">Gr\u00f6\u00dfere Kartenansicht<\/a><\/small><\/p>\n","protected":false},"excerpt":{"rendered":"<p>So finden Sie zu mir: Entweder mit der S-Bahn bis Haltestelle Grub der M\u00fcnchner S-Bahn Linie 2, weiter mit Bus 460 bis Haltestelle Speicherseestra\u00dfe. Nach Absprache kann auch eine Abholung an der S-Bahn vereinbart werden. oder mit dem Auto \u00fcber die A99 bzw. A94 bis Ausfahrt Kirchheim, weiter Richtung Erding und Markt Schwaben. Im Ort Landsham an der 2. Kurve (B\u00e4ckerei) in die Speicherseestra\u00dfe. Gr\u00f6\u00dfere Kartenansicht<\/p>\n<p class=\"continue-reading-button\"> <a class=\"continue-reading-link\" href=\"https:\/\/rena-imhoff.de\/?page_id=43\">weiterlesen<i class=\"crycon-right-dir\"><\/i><\/a><\/p>\n","protected":false},"author":1,"featured_media":0,"parent":0,"menu_order":0,"comment_status":"closed","ping_status":"open","template":"","meta":{"_monsterinsights_skip_tracking":false,"_monsterinsights_sitenote_active":false,"_monsterinsights_sitenote_note":"","_monsterinsights_sitenote_category":0,"footnotes":""},"class_list":["post-43","page","type-page","status-publish","hentry"],"_links":{"self":[{"href":"https:\/\/rena-imhoff.de\/index.php?rest_route=\/wp\/v2\/pages\/43","targetHints":{"allow":["GET"]}}],"collection":[{"href":"https:\/\/rena-imhoff.de\/index.php?rest_route=\/wp\/v2\/pages"}],"about":[{"href":"https:\/\/rena-imhoff.de\/index.php?rest_route=\/wp\/v2\/types\/page"}],"author":[{"embeddable":true,"href":"https:\/\/rena-imhoff.de\/index.php?rest_route=\/wp\/v2\/users\/1"}],"replies":[{"embeddable":true,"href":"https:\/\/rena-imhoff.de\/index.php?rest_route=%2Fwp%2Fv2%2Fcomments&post=43"}],"version-history":[{"count":11,"href":"https:\/\/rena-imhoff.de\/index.php?rest_route=\/wp\/v2\/pages\/43\/revisions"}],"predecessor-version":[{"id":542,"href":"https:\/\/rena-imhoff.de\/index.php?rest_route=\/wp\/v2\/pages\/43\/revisions\/542"}],"wp:attachment":[{"href":"https:\/\/rena-imhoff.de\/index.php?rest_route=%2Fwp%2Fv2%2Fmedia&parent=43"}],"curies":[{"name":"wp","href":"https:\/\/api.w.org\/{rel}","templated":true}]}}